{"id":3433,"date":"2026-02-03T07:56:28","date_gmt":"2026-02-03T06:56:28","guid":{"rendered":"https:\/\/estimastom.pl\/?page_id=3433"},"modified":"2026-02-03T07:58:02","modified_gmt":"2026-02-03T06:58:02","slug":"praca","status":"publish","type":"page","link":"https:\/\/estimastom.pl\/en\/kontakt\/praca\/","title":{"rendered":"Praca"},"content":{"rendered":"<figure class=\"wp-block-image size-full\"><img loading=\"lazy\" decoding=\"async\" width=\"949\" height=\"188\" src=\"https:\/\/estimastom.pl\/wp-content\/uploads\/2026\/02\/ogloszenia-1.jpg\" alt=\"\" class=\"wp-image-3437\" srcset=\"https:\/\/estimastom.pl\/wp-content\/uploads\/2026\/02\/ogloszenia-1.jpg 949w, https:\/\/estimastom.pl\/wp-content\/uploads\/2026\/02\/ogloszenia-1-300x59.jpg 300w, https:\/\/estimastom.pl\/wp-content\/uploads\/2026\/02\/ogloszenia-1-768x152.jpg 768w, https:\/\/estimastom.pl\/wp-content\/uploads\/2026\/02\/ogloszenia-1-18x4.jpg 18w\" sizes=\"auto, (max-width: 949px) 100vw, 949px\" \/><\/figure>\n\n\n\n<p><strong>TECHNIK \/ TECHNICZKA DENTYSTYCZNA\u00a0<\/strong><\/p>\n\n\n\n<p>Poszukujemy osoby na stanowisko technika lub techniczki dentystycznej do rozwijanego laboratorium przy gabinecie stomatologicznym. Stanowisko powstaje w zwi\u0105zku z realizacj\u0105 projektu \u201e<em>Dywersyfikacja us\u0142ug i ulepszenie proces\u00f3w \u2013 szans\u0105 na udan\u0105 transformacj\u0119<\/em>\u201d. Rekrutacja jest otwarta dla wszystkich os\u00f3b, niezale\u017cnie od p\u0142ci.&nbsp;<\/p>\n\n\n\n<p>Zakres obowi\u0105zk\u00f3w m.in.:&nbsp;<\/p>\n\n\n\n<ul class=\"wp-block-list\">\n<li>Przygotowywanie i opracowywanie prac protetycznych (korony, mosty, lic\u00f3wki, prace na podbudowach cyrkonowych i innych nowoczesnych materia\u0142ach).\u00a0<\/li>\n\n\n\n<li>Projektowanie prac w systemie CAD\/CAM (exocad) oraz obs\u0142uga frezarki protetycznej i drukarki 3D.\u00a0<\/li>\n\n\n\n<li>Przygotowywanie i obs\u0142uga piec\u00f3w do cyrkonu i ceramiki, dob\u00f3r materia\u0142\u00f3w.\u00a0<\/li>\n\n\n\n<li>\u015acis\u0142a wsp\u00f3\u0142praca z lekarzami stomatologii w celu dopasowania estetycznego i funkcjonalnego prac.\u00a0<\/li>\n\n\n\n<li>Kontrola jako\u015bci wykonywanych prac, wprowadzanie korekt oraz dokumentowanie proces\u00f3w.\u00a0<\/li>\n<\/ul>\n\n\n\n<p>Wymagania:&nbsp;<\/p>\n\n\n\n<ul class=\"wp-block-list\">\n<li>Wykszta\u0142cenie kierunkowe \u2013 technik dentystyczny \/ techniczka dentystyczna.\u00a0<\/li>\n\n\n\n<li>Samodzielno\u015b\u0107 w wykonywaniu podstawowych prac protetycznych.\u00a0<\/li>\n\n\n\n<li>Gotowo\u015b\u0107 do pracy w systemie CAD\/CAM i nauki obs\u0142ugi nowoczesnych urz\u0105dze\u0144.\u00a0<\/li>\n\n\n\n<li>Dok\u0142adno\u015b\u0107, dobra organizacja pracy, nastawienie na jako\u015b\u0107 i wsp\u00f3\u0142prac\u0119 z zespo\u0142em.\u00a0<\/li>\n<\/ul>\n\n\n\n<p>Mile widziane&nbsp;<\/p>\n\n\n\n<ul class=\"wp-block-list\">\n<li>Do\u015bwiadczenie w pracy w cyfrowym laboratorium protetycznym.\u00a0<\/li>\n\n\n\n<li>Znajomo\u015b\u0107 program\u00f3w typu exocad lub pokrewnych.\u00a0<\/li>\n\n\n\n<li>Do\u015bwiadczenie w pracy z drukark\u0105 3D i systemami frezuj\u0105cymi.\u00a0<\/li>\n<\/ul>\n\n\n\n<p>Oferujemy&nbsp;<\/p>\n\n\n\n<ul class=\"wp-block-list\">\n<li>Zatrudnienie na pe\u0142en etat na podstawie umowy o prac\u0119.\u00a0<\/li>\n\n\n\n<li>Prac\u0119 w nowoczesnym gabinecie z cyfrowym laboratorium, opartym o system CAD\/CAM.\u00a0<\/li>\n\n\n\n<li>Mo\u017cliwo\u015b\u0107 realnego wp\u0142ywu na organizacj\u0119 pracy laboratorium (nowe stanowisko).\u00a0<\/li>\n\n\n\n<li>Szkolenia z obs\u0142ugi nowego sprz\u0119tu i oprogramowania.\u00a0<\/li>\n\n\n\n<li>Przyjazn\u0105 i szanuj\u0105c\u0105 r\u00f3\u017cnorodno\u015b\u0107 atmosfer\u0119 w zespole.\u00a0<\/li>\n<\/ul>\n\n\n\n<p>Miejsce pracy: Tychy, ul. Melchiora Kubicy 2&nbsp;<\/p>\n\n\n\n<p>Jak aplikowa\u0107&nbsp;<\/p>\n\n\n\n<p>CV (opcjonalnie z kr\u00f3tkim opisem do\u015bwiadczenia) prosimy przesy\u0142a\u0107 na adres: estima@estimastom.pl z dopiskiem w tytule: \u201eRekrutacja \u2013 technik \/ techniczka dentystyczna\u201d.&nbsp;<\/p>","protected":false},"excerpt":{"rendered":"<p>TECHNIK \/ TECHNICZKA DENTYSTYCZNA\u00a0 Poszukujemy osoby na stanowisko technika lub techniczki dentystycznej do rozwijanego laboratorium przy gabinecie stomatologicznym. Stanowisko powstaje w zwi\u0105zku z realizacj\u0105 projektu \u201eDywersyfikacja us\u0142ug i ulepszenie proces\u00f3w \u2013 szans\u0105 na udan\u0105 transformacj\u0119\u201d. Rekrutacja jest otwarta dla wszystkich os\u00f3b, niezale\u017cnie od p\u0142ci.&nbsp; Zakres obowi\u0105zk\u00f3w m.in.:&nbsp; Wymagania:&nbsp; Mile widziane&nbsp; Oferujemy&nbsp; Miejsce pracy: Tychy, ul. [&hellip;]<\/p>","protected":false},"author":4,"featured_media":0,"parent":870,"menu_order":0,"comment_status":"closed","ping_status":"closed","template":"","meta":{"footnotes":""},"class_list":["post-3433","page","type-page","status-publish","hentry"],"_links":{"self":[{"href":"https:\/\/estimastom.pl\/en\/wp-json\/wp\/v2\/pages\/3433","targetHints":{"allow":["GET"]}}],"collection":[{"href":"https:\/\/estimastom.pl\/en\/wp-json\/wp\/v2\/pages"}],"about":[{"href":"https:\/\/estimastom.pl\/en\/wp-json\/wp\/v2\/types\/page"}],"author":[{"embeddable":true,"href":"https:\/\/estimastom.pl\/en\/wp-json\/wp\/v2\/users\/4"}],"replies":[{"embeddable":true,"href":"https:\/\/estimastom.pl\/en\/wp-json\/wp\/v2\/comments?post=3433"}],"version-history":[{"count":3,"href":"https:\/\/estimastom.pl\/en\/wp-json\/wp\/v2\/pages\/3433\/revisions"}],"predecessor-version":[{"id":3438,"href":"https:\/\/estimastom.pl\/en\/wp-json\/wp\/v2\/pages\/3433\/revisions\/3438"}],"up":[{"embeddable":true,"href":"https:\/\/estimastom.pl\/en\/wp-json\/wp\/v2\/pages\/870"}],"wp:attachment":[{"href":"https:\/\/estimastom.pl\/en\/wp-json\/wp\/v2\/media?parent=3433"}],"curies":[{"name":"wp","href":"https:\/\/api.w.org\/{rel}","templated":true}]}}