{"id":3417,"date":"2025-04-22T14:38:59","date_gmt":"2025-04-22T12:38:59","guid":{"rendered":"https:\/\/estimastom.pl\/?page_id=3417"},"modified":"2025-04-22T14:38:59","modified_gmt":"2025-04-22T12:38:59","slug":"projekt-europejski","status":"publish","type":"page","link":"https:\/\/estimastom.pl\/en\/projekt-europejski\/","title":{"rendered":"Projekt Europejski"},"content":{"rendered":"<figure class=\"wp-block-image size-large\"><img loading=\"lazy\" decoding=\"async\" width=\"1024\" height=\"108\" src=\"https:\/\/estimastom.pl\/wp-content\/uploads\/2025\/04\/image1-1024x108.jpg\" alt=\"\" class=\"wp-image-3418\" srcset=\"https:\/\/estimastom.pl\/wp-content\/uploads\/2025\/04\/image1-1024x108.jpg 1024w, https:\/\/estimastom.pl\/wp-content\/uploads\/2025\/04\/image1-300x32.jpg 300w, https:\/\/estimastom.pl\/wp-content\/uploads\/2025\/04\/image1-768x81.jpg 768w, https:\/\/estimastom.pl\/wp-content\/uploads\/2025\/04\/image1-18x2.jpg 18w, https:\/\/estimastom.pl\/wp-content\/uploads\/2025\/04\/image1.jpg 1385w\" sizes=\"auto, (max-width: 1024px) 100vw, 1024px\" \/><\/figure>\n\n\n\n<p>Tytu\u0142 projektu:<strong> Dywersyfikacji us\u0142ug i ulepszenie proces\u00f3w &#8211; szans\u0105 na udan\u0105 transformacj\u0119<\/strong><\/p>\n\n\n\n<p><strong>Celem projektu<\/strong> jest dywersyfikacji us\u0142ug i ulepszenie proces\u00f3w do 30.06.2025 roku w Estima Stomatologia Estetyczna &#8211; szans\u0105 na zwi\u0119kszenie konkurencyjno\u015bci i finalnie udan\u0105 transformacj\u0119<\/p>\n\n\n\n<p>Na wzrost konkurencyjno\u015bci pozwol\u0105 w szczeg\u00f3lno\u015bci nast\u0119puj\u0105ce efekty projektu:<\/p>\n\n\n\n<p>&#8211; rozszerzenie profilu dzia\u0142ania i wprowadzenie nowych us\u0142ug m.in. zabieg\u00f3w stomatologicznych i medycyny estetycznej z wykorzystaniem zaawansowanego nowoczesnego lasera<\/p>\n\n\n\n<p>&#8211; wprowadzenie znacz\u0105co ulepszonych us\u0142ug i proces\u00f3w w ramach stomatologii: laser (zwi\u0119kszenie zakresu wykonywanych zabieg\u00f3w, wspomaganie gojenia, w dobie pandemii u\u017cycie lasera jest bakterio i wirusob\u00f3jcze), nawigacja w czasie rzeczywistym, piaskowanie, precyzja dzi\u0119ki lupie medycznej<\/p>\n\n\n\n<p>&#8211; w\u0142asne zaawansowane laboratorium ze skanerem, oprogramowaniem exocad, frezark\u0105, drukark\u0105 3d, piecem do cyrkonu, piecem do ceramiki.<\/p>\n\n\n\n<p><strong>Efekty i rezultaty projektu:<\/strong><\/p>\n\n\n\n<p>\u2022 Wprowadzenie nowych us\u0142ug stomatologicznych i estetycznych, takich jak chirurgia laserowa czy laserowe leczenie schorze\u0144 dermatologicznych.<\/p>\n\n\n\n<p>\u2022 Skr\u00f3cenie czasu zabieg\u00f3w i procesu gojenia dzi\u0119ki zaawansowanym technologiom.<\/p>\n\n\n\n<p>\u2022 Zmniejszenie zu\u017cycia energii i materia\u0142\u00f3w w procesach dzi\u0119ki nowoczesnym urz\u0105dzeniom i oprogramowaniu.<\/p>\n\n\n\n<p>\u2022 Utworzenie dw\u00f3ch nowych miejsc pracy.<\/p>\n\n\n\n<p>Beneficjentem i grup\u0105 docelow\u0105 projektu jest <strong>Iwona Ptak Estima Stomatologia Estetyczna<\/strong><\/p>\n\n\n\n<p>Okres realizacji:<strong> 2024-01-01\u20132025-06-30<\/strong><\/p>\n\n\n\n<p>Warto\u015b\u0107 projektu (ca\u0142kowity koszt projektu): <strong>1 927&nbsp;702,13<\/strong> <strong>z\u0142<\/strong><\/p>\n\n\n\n<p>Wydatki kwalifikowalne: <strong>1 761 282,35 z\u0142<\/strong><\/p>\n\n\n\n<p>Wysoko\u015b\u0107 wk\u0142adu Funduszy Europejskich: <strong>1 056 769,37 z\u0142<\/strong><\/p>\n\n\n\n<p><strong>Projekt finansowany ze \u015brodk\u00f3w Unii Europejskiej<\/strong><\/p>\n\n\n\n<p><strong>Fundusze Europejskie dla \u015al\u0105skiego 2021-2027<\/strong><\/p>\n\n\n\n<p>#FunduszeUE<\/p>\n\n\n\n<p>#FunduszeEuropejskie<\/p>","protected":false},"excerpt":{"rendered":"<p>Tytu\u0142 projektu: Dywersyfikacji us\u0142ug i ulepszenie proces\u00f3w &#8211; szans\u0105 na udan\u0105 transformacj\u0119 Celem projektu jest dywersyfikacji us\u0142ug i ulepszenie proces\u00f3w do 30.06.2025 roku w Estima Stomatologia Estetyczna &#8211; szans\u0105 na zwi\u0119kszenie konkurencyjno\u015bci i finalnie udan\u0105 transformacj\u0119 Na wzrost konkurencyjno\u015bci pozwol\u0105 w szczeg\u00f3lno\u015bci nast\u0119puj\u0105ce efekty projektu: &#8211; rozszerzenie profilu dzia\u0142ania i wprowadzenie nowych us\u0142ug m.in. zabieg\u00f3w [&hellip;]<\/p>","protected":false},"author":4,"featured_media":0,"parent":0,"menu_order":0,"comment_status":"closed","ping_status":"closed","template":"","meta":{"footnotes":""},"class_list":["post-3417","page","type-page","status-publish","hentry"],"_links":{"self":[{"href":"https:\/\/estimastom.pl\/en\/wp-json\/wp\/v2\/pages\/3417","targetHints":{"allow":["GET"]}}],"collection":[{"href":"https:\/\/estimastom.pl\/en\/wp-json\/wp\/v2\/pages"}],"about":[{"href":"https:\/\/estimastom.pl\/en\/wp-json\/wp\/v2\/types\/page"}],"author":[{"embeddable":true,"href":"https:\/\/estimastom.pl\/en\/wp-json\/wp\/v2\/users\/4"}],"replies":[{"embeddable":true,"href":"https:\/\/estimastom.pl\/en\/wp-json\/wp\/v2\/comments?post=3417"}],"version-history":[{"count":1,"href":"https:\/\/estimastom.pl\/en\/wp-json\/wp\/v2\/pages\/3417\/revisions"}],"predecessor-version":[{"id":3419,"href":"https:\/\/estimastom.pl\/en\/wp-json\/wp\/v2\/pages\/3417\/revisions\/3419"}],"wp:attachment":[{"href":"https:\/\/estimastom.pl\/en\/wp-json\/wp\/v2\/media?parent=3417"}],"curies":[{"name":"wp","href":"https:\/\/api.w.org\/{rel}","templated":true}]}}