{"id":2644,"date":"2023-05-19T10:42:43","date_gmt":"2023-05-19T08:42:43","guid":{"rendered":"https:\/\/estimastom.pl\/?page_id=2644"},"modified":"2023-11-09T09:38:30","modified_gmt":"2023-11-09T08:38:30","slug":"sandra-obacz","status":"publish","type":"page","link":"https:\/\/estimastom.pl\/en\/zespol\/sandra-obacz\/","title":{"rendered":"Sandra Obacz"},"content":{"rendered":"<div data-elementor-type=\"wp-post\" data-elementor-id=\"2644\" class=\"elementor elementor-2644\" data-elementor-settings=\"{&quot;element_pack_global_tooltip_width&quot;:{&quot;unit&quot;:&quot;px&quot;,&quot;size&quot;:&quot;&quot;,&quot;sizes&quot;:[]},&quot;element_pack_global_tooltip_width_tablet&quot;:{&quot;unit&quot;:&quot;px&quot;,&quot;size&quot;:&quot;&quot;,&quot;sizes&quot;:[]},&quot;element_pack_global_tooltip_width_mobile&quot;:{&quot;unit&quot;:&quot;px&quot;,&quot;size&quot;:&quot;&quot;,&quot;sizes&quot;:[]},&quot;element_pack_global_tooltip_padding&quot;:{&quot;unit&quot;:&quot;px&quot;,&quot;top&quot;:&quot;&quot;,&quot;right&quot;:&quot;&quot;,&quot;bottom&quot;:&quot;&quot;,&quot;left&quot;:&quot;&quot;,&quot;isLinked&quot;:true},&quot;element_pack_global_tooltip_padding_tablet&quot;:{&quot;unit&quot;:&quot;px&quot;,&quot;top&quot;:&quot;&quot;,&quot;right&quot;:&quot;&quot;,&quot;bottom&quot;:&quot;&quot;,&quot;left&quot;:&quot;&quot;,&quot;isLinked&quot;:true},&quot;element_pack_global_tooltip_padding_mobile&quot;:{&quot;unit&quot;:&quot;px&quot;,&quot;top&quot;:&quot;&quot;,&quot;right&quot;:&quot;&quot;,&quot;bottom&quot;:&quot;&quot;,&quot;left&quot;:&quot;&quot;,&quot;isLinked&quot;:true},&quot;element_pack_global_tooltip_border_radius&quot;:{&quot;unit&quot;:&quot;px&quot;,&quot;top&quot;:&quot;&quot;,&quot;right&quot;:&quot;&quot;,&quot;bottom&quot;:&quot;&quot;,&quot;left&quot;:&quot;&quot;,&quot;isLinked&quot;:true},&quot;element_pack_global_tooltip_border_radius_tablet&quot;:{&quot;unit&quot;:&quot;px&quot;,&quot;top&quot;:&quot;&quot;,&quot;right&quot;:&quot;&quot;,&quot;bottom&quot;:&quot;&quot;,&quot;left&quot;:&quot;&quot;,&quot;isLinked&quot;:true},&quot;element_pack_global_tooltip_border_radius_mobile&quot;:{&quot;unit&quot;:&quot;px&quot;,&quot;top&quot;:&quot;&quot;,&quot;right&quot;:&quot;&quot;,&quot;bottom&quot;:&quot;&quot;,&quot;left&quot;:&quot;&quot;,&quot;isLinked&quot;:true}}\">\n\t\t\t\t\t\t\t<div class=\"elementor-element elementor-element-a11eee9 animated-slow e-con-boxed elementor-invisible e-con\" data-id=\"a11eee9\" data-element_type=\"container\" id=\"why\" data-settings=\"{&quot;animation&quot;:&quot;fadeIn&quot;,&quot;content_width&quot;:&quot;boxed&quot;}\">\n\t\t\t\t\t<div class=\"e-con-inner\">\n\t\t<div class=\"elementor-element elementor-element-861469c e-con-full e-con\" data-id=\"861469c\" data-element_type=\"container\" data-settings=\"{&quot;content_width&quot;:&quot;full&quot;}\">\n\t\t\t\t<div class=\"elementor-element elementor-element-c11622e e-transform elementor-widget elementor-widget-heading\" data-id=\"c11622e\" data-element_type=\"widget\" data-settings=\"{&quot;_transform_scale_effect_hover&quot;:{&quot;unit&quot;:&quot;px&quot;,&quot;size&quot;:1.2,&quot;sizes&quot;:[]},&quot;_transform_scale_effect_hover_tablet&quot;:{&quot;unit&quot;:&quot;px&quot;,&quot;size&quot;:&quot;&quot;,&quot;sizes&quot;:[]},&quot;_transform_scale_effect_hover_mobile&quot;:{&quot;unit&quot;:&quot;px&quot;,&quot;size&quot;:&quot;&quot;,&quot;sizes&quot;:[]}}\" data-widget_type=\"heading.default\">\n\t\t\t\t<div class=\"elementor-widget-container\">\n\t\t\t<style>\/*! elementor - v3.12.1 - 02-04-2023 *\/\n.elementor-heading-title{padding:0;margin:0;line-height:1}.elementor-widget-heading .elementor-heading-title[class*=elementor-size-]>a{color:inherit;font-size:inherit;line-height:inherit}.elementor-widget-heading .elementor-heading-title.elementor-size-small{font-size:15px}.elementor-widget-heading .elementor-heading-title.elementor-size-medium{font-size:19px}.elementor-widget-heading .elementor-heading-title.elementor-size-large{font-size:29px}.elementor-widget-heading .elementor-heading-title.elementor-size-xl{font-size:39px}.elementor-widget-heading .elementor-heading-title.elementor-size-xxl{font-size:59px}<\/style><h1 class=\"elementor-heading-title elementor-size-default\"><a href=\"https:\/\/estimastom.pl\/en\/zespol\/\"><strong>\u2190<\/strong> wr\u00f3\u0107 do reszty zespo\u0142u<\/a><\/h1>\t\t<\/div>\n\t\t\t\t<\/div>\n\t\t\t\t<\/div>\n\t\t<div class=\"elementor-element elementor-element-c0317ec e-con-full elementor-hidden-mobile e-con\" data-id=\"c0317ec\" data-element_type=\"container\" data-settings=\"{&quot;content_width&quot;:&quot;full&quot;}\">\n\t\t\t\t<\/div>\n\t\t\t\t\t<\/div>\n\t\t\t\t<\/div>\n\t\t<div class=\"elementor-element elementor-element-e0f6da4 animated-slow e-con-boxed elementor-invisible e-con\" data-id=\"e0f6da4\" data-element_type=\"container\" data-settings=\"{&quot;animation&quot;:&quot;fadeIn&quot;,&quot;content_width&quot;:&quot;boxed&quot;}\">\n\t\t\t\t\t<div class=\"e-con-inner\">\n\t\t<div class=\"elementor-element elementor-element-a492850 e-con-boxed e-con\" data-id=\"a492850\" data-element_type=\"container\" data-settings=\"{&quot;content_width&quot;:&quot;boxed&quot;}\">\n\t\t\t\t\t<div class=\"e-con-inner\">\n\t\t\t\t<div class=\"elementor-element elementor-element-0eb5bce e-transform elementor-widget elementor-widget-image\" data-id=\"0eb5bce\" data-element_type=\"widget\" data-settings=\"{&quot;_transform_scale_effect_tablet&quot;:{&quot;unit&quot;:&quot;px&quot;,&quot;size&quot;:1.3,&quot;sizes&quot;:[]},&quot;_transform_scale_effect&quot;:{&quot;unit&quot;:&quot;px&quot;,&quot;size&quot;:&quot;&quot;,&quot;sizes&quot;:[]},&quot;_transform_scale_effect_mobile&quot;:{&quot;unit&quot;:&quot;px&quot;,&quot;size&quot;:&quot;&quot;,&quot;sizes&quot;:[]}}\" data-widget_type=\"image.default\">\n\t\t\t\t<div class=\"elementor-widget-container\">\n\t\t\t<style>\/*! elementor - v3.12.1 - 02-04-2023 *\/\n.elementor-widget-image{text-align:center}.elementor-widget-image a{display:inline-block}.elementor-widget-image a img[src$=\".svg\"]{width:48px}.elementor-widget-image img{vertical-align:middle;display:inline-block}<\/style>\t\t\t\t\t\t\t\t\t\t\t\t<img loading=\"lazy\" decoding=\"async\" width=\"493\" height=\"431\" src=\"https:\/\/estimastom.pl\/wp-content\/uploads\/2023\/11\/Pani-Sandry-Obacz.png\" class=\"attachment-full size-full wp-image-3241\" alt=\"\" srcset=\"https:\/\/estimastom.pl\/wp-content\/uploads\/2023\/11\/Pani-Sandry-Obacz.png 493w, https:\/\/estimastom.pl\/wp-content\/uploads\/2023\/11\/Pani-Sandry-Obacz-300x262.png 300w, https:\/\/estimastom.pl\/wp-content\/uploads\/2023\/11\/Pani-Sandry-Obacz-14x12.png 14w\" sizes=\"auto, (max-width: 493px) 100vw, 493px\" \/>\t\t\t\t\t\t\t\t\t\t\t\t\t\t\t<\/div>\n\t\t\t\t<\/div>\n\t\t\t\t\t<\/div>\n\t\t\t\t<\/div>\n\t\t<div class=\"elementor-element elementor-element-e49da5f e-con-boxed e-con\" data-id=\"e49da5f\" data-element_type=\"container\" data-settings=\"{&quot;content_width&quot;:&quot;boxed&quot;}\">\n\t\t\t\t\t<div class=\"e-con-inner\">\n\t\t<div class=\"elementor-element elementor-element-f162931 e-con-boxed e-con\" data-id=\"f162931\" data-element_type=\"container\" data-settings=\"{&quot;content_width&quot;:&quot;boxed&quot;}\">\n\t\t\t\t\t<div class=\"e-con-inner\">\n\t\t\t\t<div class=\"elementor-element elementor-element-730e50e elementor-widget elementor-widget-text-editor\" data-id=\"730e50e\" data-element_type=\"widget\" data-widget_type=\"text-editor.default\">\n\t\t\t\t<div class=\"elementor-widget-container\">\n\t\t\t<style>\/*! elementor - v3.12.1 - 02-04-2023 *\/\n.elementor-widget-text-editor.elementor-drop-cap-view-stacked .elementor-drop-cap{background-color:#69727d;color:#fff}.elementor-widget-text-editor.elementor-drop-cap-view-framed .elementor-drop-cap{color:#69727d;border:3px solid;background-color:transparent}.elementor-widget-text-editor:not(.elementor-drop-cap-view-default) .elementor-drop-cap{margin-top:8px}.elementor-widget-text-editor:not(.elementor-drop-cap-view-default) .elementor-drop-cap-letter{width:1em;height:1em}.elementor-widget-text-editor .elementor-drop-cap{float:left;text-align:center;line-height:1;font-size:50px}.elementor-widget-text-editor .elementor-drop-cap-letter{display:inline-block}<\/style>\t\t\t\t<p style=\"box-sizing: inherit; margin-right: 0px; margin-bottom: 5px; margin-left: 0px; padding: 0px; border: 0px; font-size: 16px; vertical-align: baseline; color: #323338; font-family: Figtree, Roboto, Rubik, 'Noto Kufi Arabic', 'Noto Sans JP', sans-serif; outline: none !important;\">She is a hygienist and assistant by education and passion. She loves working with both adult patients and children. She approaches her work with commitment and enthusiasm, and with 15 years of experience, knowledge and patience , makes the patient feel safe and comfortable. In her free time, she loves to travel and spend time with her loved ones in the bosom of nature. She is valued by patients for her knowledge, humor and effectiveness.<\/p>\t\t\t\t\t\t<\/div>\n\t\t\t\t<\/div>\n\t\t\t\t\t<\/div>\n\t\t\t\t<\/div>\n\t\t<div class=\"elementor-element elementor-element-dcb03a4 e-con-boxed e-con\" data-id=\"dcb03a4\" data-element_type=\"container\" data-settings=\"{&quot;content_width&quot;:&quot;boxed&quot;}\">\n\t\t\t\t\t<div class=\"e-con-inner\">\n\t\t\t\t<div class=\"elementor-element elementor-element-44f95fa elementor-widget elementor-widget-heading\" data-id=\"44f95fa\" data-element_type=\"widget\" data-widget_type=\"heading.default\">\n\t\t\t\t<div class=\"elementor-widget-container\">\n\t\t\t<h2 class=\"elementor-heading-title elementor-size-default\">Sandra Obacz<\/h2>\t\t<\/div>\n\t\t\t\t<\/div>\n\t\t\t\t\t<\/div>\n\t\t\t\t<\/div>\n\t\t\t\t\t<\/div>\n\t\t\t\t<\/div>\n\t\t\t\t\t<\/div>\n\t\t\t\t<\/div>\n\t\t<div class=\"elementor-element elementor-element-1315037 animated-slow e-con-boxed elementor-invisible e-con\" data-id=\"1315037\" data-element_type=\"container\" data-settings=\"{&quot;animation&quot;:&quot;fadeIn&quot;,&quot;content_width&quot;:&quot;boxed&quot;}\">\n\t\t\t\t\t<div class=\"e-con-inner\">\n\t\t\t\t<div class=\"elementor-element elementor-element-f98bbf1 elementor-align-center elementor-mobile-align-justify elementor-widget elementor-widget-button\" data-id=\"f98bbf1\" data-element_type=\"widget\" data-widget_type=\"button.default\">\n\t\t\t\t<div class=\"elementor-widget-container\">\n\t\t\t\t\t<div class=\"elementor-button-wrapper\">\n\t\t\t<a href=\"#kontakt\" class=\"elementor-button-link elementor-button elementor-size-sm\" role=\"button\">\n\t\t\t\t\t\t<span class=\"elementor-button-content-wrapper\">\n\t\t\t\t\t\t<span class=\"elementor-button-text\">Zapytaj o wolny termin wizyty<\/span>\n\t\t<\/span>\n\t\t\t\t\t<\/a>\n\t\t<\/div>\n\t\t\t\t<\/div>\n\t\t\t\t<\/div>\n\t\t\t\t\t<\/div>\n\t\t\t\t<\/div>\n\t\t<div class=\"elementor-element elementor-element-c8eb3d4 animated-slow e-con-boxed elementor-invisible e-con\" data-id=\"c8eb3d4\" data-element_type=\"container\" data-settings=\"{&quot;background_background&quot;:&quot;classic&quot;,&quot;animation&quot;:&quot;fadeIn&quot;,&quot;content_width&quot;:&quot;boxed&quot;}\" data-e-bg-lazyload=\"\">\n\t\t\t\t\t<div class=\"e-con-inner\">\n\t\t<div class=\"elementor-element elementor-element-d67b152 e-con-boxed e-con\" data-id=\"d67b152\" data-element_type=\"container\" data-settings=\"{&quot;content_width&quot;:&quot;boxed&quot;}\">\n\t\t\t\t\t<div class=\"e-con-inner\">\n\t\t\t\t<div class=\"elementor-element elementor-element-c116faa elementor-align-left elementor-widget elementor-widget-button\" data-id=\"c116faa\" data-element_type=\"widget\" data-widget_type=\"button.default\">\n\t\t\t\t<div class=\"elementor-widget-container\">\n\t\t\t\t\t<div class=\"elementor-button-wrapper\">\n\t\t\t<a href=\"tel: 48322195823\" class=\"elementor-button-link elementor-button elementor-size-sm\" role=\"button\">\n\t\t\t\t\t\t<span class=\"elementor-button-content-wrapper\">\n\t\t\t\t\t\t<span class=\"elementor-button-text\"><light>Check available appointment times - call <strong>32 219 58 23<\/strong><\/span>\n\t\t<\/span>\n\t\t\t\t\t<\/a>\n\t\t<\/div>\n\t\t\t\t<\/div>\n\t\t\t\t<\/div>\n\t\t\t\t\t<\/div>\n\t\t\t\t<\/div>\n\t\t\t\t\t<\/div>\n\t\t\t\t<\/div>\n\t\t<div class=\"elementor-element elementor-element-cfb222b animated-slow e-con-boxed elementor-invisible e-con\" data-id=\"cfb222b\" data-element_type=\"container\" data-settings=\"{&quot;animation&quot;:&quot;fadeIn&quot;,&quot;content_width&quot;:&quot;boxed&quot;}\">\n\t\t\t\t\t<div class=\"e-con-inner\">\n\t\t<div class=\"elementor-element elementor-element-2ce59f5 e-con-boxed e-con\" data-id=\"2ce59f5\" data-element_type=\"container\" data-settings=\"{&quot;content_width&quot;:&quot;boxed&quot;}\">\n\t\t\t\t\t<div class=\"e-con-inner\">\n\t\t\t\t<div class=\"elementor-element elementor-element-592370b elementor-widget elementor-widget-heading\" data-id=\"592370b\" data-element_type=\"widget\" data-widget_type=\"heading.default\">\n\t\t\t\t<div class=\"elementor-widget-container\">\n\t\t\t<h3 class=\"elementor-heading-title elementor-size-default\">YOUR EXPERIENCES<\/h3>\t\t<\/div>\n\t\t\t\t<\/div>\n\t\t\t\t<div class=\"elementor-element elementor-element-22a9418 elementor-widget elementor-widget-heading\" data-id=\"22a9418\" data-element_type=\"widget\" data-widget_type=\"heading.default\">\n\t\t\t\t<div class=\"elementor-widget-container\">\n\t\t\t<h2 class=\"elementor-heading-title elementor-size-default\">Our Customers' Opinions!<\/h2>\t\t<\/div>\n\t\t\t\t<\/div>\n\t\t\t\t<div class=\"elementor-element elementor-element-711586f elementor-widget elementor-widget-text-editor\" data-id=\"711586f\" data-element_type=\"widget\" data-widget_type=\"text-editor.default\">\n\t\t\t\t<div class=\"elementor-widget-container\">\n\t\t\t\t\t\t\t<p>All opinions come from our patients, most of them have also been published on our social media.<\/p><p>We invite you to read the rest of the opinions about our dental center.<\/p>\t\t\t\t\t\t<\/div>\n\t\t\t\t<\/div>\n\t\t\t\t<div class=\"elementor-element elementor-element-8e96389 elementor-mobile-align-justify elementor-widget elementor-widget-button\" data-id=\"8e96389\" data-element_type=\"widget\" data-widget_type=\"button.default\">\n\t\t\t\t<div class=\"elementor-widget-container\">\n\t\t\t\t\t<div class=\"elementor-button-wrapper\">\n\t\t\t<a href=\"#kontakt\" class=\"elementor-button-link elementor-button elementor-size-sm\" role=\"button\">\n\t\t\t\t\t\t<span class=\"elementor-button-content-wrapper\">\n\t\t\t\t\t\t<span class=\"elementor-button-text\">Wszystkie Opinie<\/span>\n\t\t<\/span>\n\t\t\t\t\t<\/a>\n\t\t<\/div>\n\t\t\t\t<\/div>\n\t\t\t\t<\/div>\n\t\t\t\t\t<\/div>\n\t\t\t\t<\/div>\n\t\t<div class=\"elementor-element elementor-element-ef68237 e-con-boxed e-con\" data-id=\"ef68237\" data-element_type=\"container\" data-settings=\"{&quot;content_width&quot;:&quot;boxed&quot;}\">\n\t\t\t\t\t<div class=\"e-con-inner\">\n\t\t\t\t<div class=\"elementor-element elementor-element-d6ef895 elementor-widget elementor-widget-text-editor\" data-id=\"d6ef895\" data-element_type=\"widget\" data-widget_type=\"text-editor.default\">\n\t\t\t\t<div class=\"elementor-widget-container\">\n\t\t\t\t\t\t\t<div class=\"ti-widget ti-no-profile-img ti-goog\" data-layout-id=\"7\" data-set-id=\"light-minimal-large\" data-pid=\"b5167179c03e50ec942cb\" data-pager-autoplay-timeout=\"6\" > <div class=\"ti-widget-container ti-col-1\"> <div class=\"ti-reviews-container\"> <div class=\"ti-controls\"> <div class=\"ti-next\"><\/div> <div class=\"ti-prev\"><\/div> <\/div> <div class=\"ti-reviews-container-wrapper\">  <div data-empty=\"0\" class=\"ti-review-item source-Google\" > <div class=\"ti-inner\"> <div class=\"ti-review-header\">  <div class=\"ti-profile-details\"> <div class=\"ti-name\"> kacper \u017belazowski <\/div> <div class=\"ti-date\">2023-04-12<\/div> <\/div> <\/div> <span class=\"ti-stars\"><span class=\"ti-star f\"><\/span><span class=\"ti-star f\"><\/span><span class=\"ti-star f\"><\/span><span class=\"ti-star f\"><\/span><span class=\"ti-star f\"><\/span><\/span> <div class=\"ti-review-content\"> <div class=\"ti-inner\"><!-- R-CONTENT -->polecam<!-- R-CONTENT --><\/div> <span class=\"ti-read-more\" data-container=\".ti-review-content .ti-inner\" data-collapse-text=\"Ukryj\" data-open-text=\"Czytaj wi\u0119cej\"><\/span> <\/div> <\/div> <\/div>  <div data-empty=\"0\" class=\"ti-review-item source-Google\" > <div class=\"ti-inner\"> <div class=\"ti-review-header\">  <div class=\"ti-profile-details\"> <div class=\"ti-name\"> Marcin Filipiak <\/div> <div class=\"ti-date\">2023-04-05<\/div> <\/div> <\/div> <span class=\"ti-stars\"><span class=\"ti-star f\"><\/span><span class=\"ti-star f\"><\/span><span class=\"ti-star f\"><\/span><span class=\"ti-star f\"><\/span><span class=\"ti-star f\"><\/span><\/span> <div class=\"ti-review-content\"> <div class=\"ti-inner\"><!-- R-CONTENT -->Super atmosfera, pe\u0142en profesjonalizm \ud83d\ude0a<!-- R-CONTENT --><\/div> <span class=\"ti-read-more\" data-container=\".ti-review-content .ti-inner\" data-collapse-text=\"Ukryj\" data-open-text=\"Czytaj wi\u0119cej\"><\/span> <\/div> <\/div> <\/div>  <div data-empty=\"0\" class=\"ti-review-item source-Google\" > <div class=\"ti-inner\"> <div class=\"ti-review-header\">  <div class=\"ti-profile-details\"> <div class=\"ti-name\"> Justyna Kliza <\/div> <div class=\"ti-date\">2023-04-04<\/div> <\/div> <\/div> <span class=\"ti-stars\"><span class=\"ti-star f\"><\/span><span class=\"ti-star f\"><\/span><span class=\"ti-star f\"><\/span><span class=\"ti-star f\"><\/span><span class=\"ti-star f\"><\/span><\/span> <div class=\"ti-review-content\"> <div class=\"ti-inner\"><!-- R-CONTENT -->Bardzo mi\u0142a Pani rejestratorka. Wszystko wyt\u0142umaczy\u0142a sprawnie.<!-- R-CONTENT --><\/div> <span class=\"ti-read-more\" data-container=\".ti-review-content .ti-inner\" data-collapse-text=\"Ukryj\" data-open-text=\"Czytaj wi\u0119cej\"><\/span> <\/div> <\/div> <\/div>  <div data-empty=\"0\" class=\"ti-review-item source-Google\" > <div class=\"ti-inner\"> <div class=\"ti-review-header\">  <div class=\"ti-profile-details\"> <div class=\"ti-name\"> Iwona Bogacka <\/div> <div class=\"ti-date\">2023-03-12<\/div> <\/div> <\/div> <span class=\"ti-stars\"><span class=\"ti-star f\"><\/span><span class=\"ti-star f\"><\/span><span class=\"ti-star f\"><\/span><span class=\"ti-star f\"><\/span><span class=\"ti-star f\"><\/span><\/span> <div class=\"ti-review-content\"> <div class=\"ti-inner\"><!-- R-CONTENT -->Pe\u0142ny profesjonalizm higienistki pani Sandry. Polecam<!-- R-CONTENT --><\/div> <span class=\"ti-read-more\" data-container=\".ti-review-content .ti-inner\" data-collapse-text=\"Ukryj\" data-open-text=\"Czytaj wi\u0119cej\"><\/span> <\/div> <\/div> <\/div>  <div data-empty=\"0\" class=\"ti-review-item source-Google\" > <div class=\"ti-inner\"> <div class=\"ti-review-header\">  <div class=\"ti-profile-details\"> <div class=\"ti-name\"> Julia_aa Julia_aa <\/div> <div class=\"ti-date\">2023-02-27<\/div> <\/div> <\/div> <span class=\"ti-stars\"><span class=\"ti-star f\"><\/span><span class=\"ti-star f\"><\/span><span class=\"ti-star f\"><\/span><span class=\"ti-star f\"><\/span><span class=\"ti-star f\"><\/span><\/span> <div class=\"ti-review-content\"> <div class=\"ti-inner\"><!-- R-CONTENT -->Bardzo mi\u0142a Pani , i Pani co robi\u0142a zdj\u0119cie z\u0119b\u00f3w r\u00f3wnie\u017c \ud83d\ude42<!-- R-CONTENT --><\/div> <span class=\"ti-read-more\" data-container=\".ti-review-content .ti-inner\" data-collapse-text=\"Ukryj\" data-open-text=\"Czytaj wi\u0119cej\"><\/span> <\/div> <\/div> <\/div>  <div data-empty=\"0\" class=\"ti-review-item source-Google\" > <div class=\"ti-inner\"> <div class=\"ti-review-header\">  <div class=\"ti-profile-details\"> <div class=\"ti-name\"> Rona Roni <\/div> <div class=\"ti-date\">2023-02-21<\/div> <\/div> <\/div> <span class=\"ti-stars\"><span class=\"ti-star f\"><\/span><span class=\"ti-star f\"><\/span><span class=\"ti-star f\"><\/span><span class=\"ti-star f\"><\/span><span class=\"ti-star f\"><\/span><\/span> <div class=\"ti-review-content\"> <div class=\"ti-inner\"><!-- R-CONTENT -->Bardzo profesjonalnie! Jako\u015b\u0107 \u015bwiadczonej us\u0142ugi na najwy\u017cszym poziomie. Przemi\u0142a i serdeczna opieka. Bardzo dzi\u0119kuj\u0119 Pani Sandrze i Danieli. Polecam!<!-- R-CONTENT --><\/div> <span class=\"ti-read-more\" data-container=\".ti-review-content .ti-inner\" data-collapse-text=\"Ukryj\" data-open-text=\"Czytaj wi\u0119cej\"><\/span> <\/div> <\/div> <\/div>  <div data-empty=\"0\" class=\"ti-review-item source-Google\" > <div class=\"ti-inner\"> <div class=\"ti-review-header\">  <div class=\"ti-profile-details\"> <div class=\"ti-name\"> xxx koju <\/div> <div class=\"ti-date\">2023-02-13<\/div> <\/div> <\/div> <span class=\"ti-stars\"><span class=\"ti-star f\"><\/span><span class=\"ti-star f\"><\/span><span class=\"ti-star f\"><\/span><span class=\"ti-star f\"><\/span><span class=\"ti-star f\"><\/span><\/span> <div class=\"ti-review-content\"> <div class=\"ti-inner\"><!-- R-CONTENT -->Polecam<!-- R-CONTENT --><\/div> <span class=\"ti-read-more\" data-container=\".ti-review-content .ti-inner\" data-collapse-text=\"Ukryj\" data-open-text=\"Czytaj wi\u0119cej\"><\/span> <\/div> <\/div> <\/div>  <div data-empty=\"0\" class=\"ti-review-item source-Google\" > <div class=\"ti-inner\"> <div class=\"ti-review-header\">  <div class=\"ti-profile-details\"> <div class=\"ti-name\"> Eugeniusz Urbanek <\/div> <div class=\"ti-date\">2023-02-03<\/div> <\/div> <\/div> <span class=\"ti-stars\"><span class=\"ti-star f\"><\/span><span class=\"ti-star f\"><\/span><span class=\"ti-star f\"><\/span><span class=\"ti-star f\"><\/span><span class=\"ti-star f\"><\/span><\/span> <div class=\"ti-review-content\"> <div class=\"ti-inner\"><!-- R-CONTENT -->Polecam robi\u0142em protez\u0119 wykonanie na 5 obs\u0142uga na 5<!-- R-CONTENT --><\/div> <span class=\"ti-read-more\" data-container=\".ti-review-content .ti-inner\" data-collapse-text=\"Ukryj\" data-open-text=\"Czytaj wi\u0119cej\"><\/span> <\/div> <\/div> <\/div>  <\/div> <div class=\"ti-controls-dots\"> <div class=\"dot active\"><\/div> <\/div> <\/div> <div class=\"ti-footer\"><\/div> <\/div> <\/div>\t\t\t\t\t\t<\/div>\n\t\t\t\t<\/div>\n\t\t\t\t\t<\/div>\n\t\t\t\t<\/div>\n\t\t\t\t\t<\/div>\n\t\t\t\t<\/div>\n\t\t<div class=\"elementor-element elementor-element-31559ba animated-slow e-con-boxed elementor-invisible e-con\" data-id=\"31559ba\" data-element_type=\"container\" data-settings=\"{&quot;background_background&quot;:&quot;classic&quot;,&quot;animation&quot;:&quot;fadeIn&quot;,&quot;content_width&quot;:&quot;boxed&quot;}\" data-e-bg-lazyload=\"\">\n\t\t\t\t\t<div class=\"e-con-inner\">\n\t\t<div class=\"elementor-element elementor-element-e8c7ccc e-con-boxed e-con\" data-id=\"e8c7ccc\" data-element_type=\"container\" data-settings=\"{&quot;content_width&quot;:&quot;boxed&quot;}\">\n\t\t\t\t\t<div class=\"e-con-inner\">\n\t\t\t\t<div class=\"elementor-element elementor-element-6e97a36 elementor-align-left elementor-widget elementor-widget-button\" data-id=\"6e97a36\" data-element_type=\"widget\" data-widget_type=\"button.default\">\n\t\t\t\t<div class=\"elementor-widget-container\">\n\t\t\t\t\t<div class=\"elementor-button-wrapper\">\n\t\t\t<a href=\"tel: 48322195823\" class=\"elementor-button-link elementor-button elementor-size-sm\" role=\"button\">\n\t\t\t\t\t\t<span class=\"elementor-button-content-wrapper\">\n\t\t\t\t\t\t<span class=\"elementor-button-text\"><light>Check available appointment times - call <strong>32 219 58 23<\/strong><\/span>\n\t\t<\/span>\n\t\t\t\t\t<\/a>\n\t\t<\/div>\n\t\t\t\t<\/div>\n\t\t\t\t<\/div>\n\t\t\t\t\t<\/div>\n\t\t\t\t<\/div>\n\t\t\t\t\t<\/div>\n\t\t\t\t<\/div>\n\t\t\t\t\t\t\t<\/div>","protected":false},"excerpt":{"rendered":"<p>\u2190 wr\u00f3\u0107 do reszty zespo\u0142u Jest higienistk\u0105 i asystentk\u0105 z wykszta\u0142cenia i zami\u0142owania. Uwielbia prac\u0119 zar\u00f3wno z doros\u0142ymi pacjentami, jak r\u00f3wnie\u017c z dzie\u0107mi. Do swojej pracy podchodzi z zaanga\u017cowaniem oraz entuzjazmem, a 15-letnie do\u015bwiadczenie, wiedza i cierpliwo\u015b\u0107 sprawiaj\u0105, \u017ce Pacjent czuje si\u0119 bezpiecznie i komfortowo. W wolnym czasie uwielbia podr\u00f3\u017cowa\u0107 i sp\u0119dza\u0107 czas ze swoimi [&hellip;]<\/p>","protected":false},"author":5,"featured_media":0,"parent":488,"menu_order":0,"comment_status":"closed","ping_status":"closed","template":"elementor_header_footer","meta":{"footnotes":""},"class_list":["post-2644","page","type-page","status-publish","hentry"],"_links":{"self":[{"href":"https:\/\/estimastom.pl\/en\/wp-json\/wp\/v2\/pages\/2644","targetHints":{"allow":["GET"]}}],"collection":[{"href":"https:\/\/estimastom.pl\/en\/wp-json\/wp\/v2\/pages"}],"about":[{"href":"https:\/\/estimastom.pl\/en\/wp-json\/wp\/v2\/types\/page"}],"author":[{"embeddable":true,"href":"https:\/\/estimastom.pl\/en\/wp-json\/wp\/v2\/users\/5"}],"replies":[{"embeddable":true,"href":"https:\/\/estimastom.pl\/en\/wp-json\/wp\/v2\/comments?post=2644"}],"version-history":[{"count":14,"href":"https:\/\/estimastom.pl\/en\/wp-json\/wp\/v2\/pages\/2644\/revisions"}],"predecessor-version":[{"id":3244,"href":"https:\/\/estimastom.pl\/en\/wp-json\/wp\/v2\/pages\/2644\/revisions\/3244"}],"up":[{"embeddable":true,"href":"https:\/\/estimastom.pl\/en\/wp-json\/wp\/v2\/pages\/488"}],"wp:attachment":[{"href":"https:\/\/estimastom.pl\/en\/wp-json\/wp\/v2\/media?parent=2644"}],"curies":[{"name":"wp","href":"https:\/\/api.w.org\/{rel}","templated":true}]}}